{"id":60024,"date":"2023-04-26T22:31:01","date_gmt":"2023-04-26T20:31:01","guid":{"rendered":"https:\/\/www.cabosregatta.com\/?page_id=60024"},"modified":"2025-06-13T09:32:01","modified_gmt":"2025-06-13T07:32:01","slug":"catalogue-france","status":"publish","type":"page","link":"https:\/\/www.cabosregatta.com\/en\/catalogues\/catalogue-france\/","title":{"rendered":"Catalogue France"},"content":{"rendered":"<section class=\"wpb-content-wrapper\"><p>[vc_row full_height=&#8221;yes&#8221; bg_type=&#8221;image&#8221; parallax_style=&#8221;vcpb-vz-jquery&#8221; bg_image_new=&#8221;id^59988|url^https:\/\/www.cabosregatta.com\/wp-content\/uploads\/2023\/04\/mockup-catalogo-REGATTA-2023.jpg|caption^null|alt^null|title^mockup-catalogo-REGATTA-2023|description^null&#8221; bg_image_repeat=&#8221;no-repeat&#8221; bg_override=&#8221;full&#8221; enable_overlay=&#8221;enable_overlay_value&#8221; overlay_color=&#8221;rgba(0,0,0,0.5)&#8221; overlay_pattern=&#8221;transperant&#8221; css=&#8221;.vc_custom_1682538611503{padding-top: 60px !important;padding-bottom: 50px !important;background-color: #000000 !important;}&#8221;][vc_column width=&#8221;3\/5&#8243; css=&#8221;.vc_custom_1669896568304{margin-top: 60px !important;padding-top: 10% !important;}&#8221;]<div id=\"ultimate-heading-917369f17f0085091\" class=\"uvc-heading ult-adjust-bottom-margin ultimate-heading-917369f17f0085091 uvc-4371 \" data-hspacer=\"no_spacer\"  data-halign=\"left\" style=\"text-align:left\"><div class=\"uvc-heading-spacer no_spacer\" style=\"top\"><\/div><div class=\"uvc-main-heading ult-responsive\"  data-ultimate-target='.uvc-heading.ultimate-heading-917369f17f0085091 h2'  data-responsive-json-new='{\"font-size\":\"desktop:60px;tablet:90px;tablet_portrait:80px;mobile_landscape:64px;mobile:40px;\",\"line-height\":\"desktop:80px;tablet:100px;tablet_portrait:90px;mobile_landscape:74px;mobile:50px;\"}' ><h2 style=\"font-weight:bold;color:#f08217;margin-top:40px;margin-bottom:30px;\">CATALOGUE REGATTA<\/h2><\/div><div class=\"uvc-sub-heading ult-responsive\"  data-ultimate-target='.uvc-heading.ultimate-heading-917369f17f0085091 .uvc-sub-heading '  data-responsive-json-new='{\"font-size\":\"desktop:30px;tablet:32px;tablet_portrait:28px;mobile_landscape:24px;mobile:20px;\",\"line-height\":\"desktop:50px;tablet:42px;tablet_portrait:38px;mobile_landscape:43px;mobile:30px;\"}'  style=\"font-weight:bold;\"><\/p>\n<h4 id=\"tw-target-text\" class=\"tw-data-text tw-text-large tw-ta\" dir=\"ltr\" data-placeholder=\"Traducci\u00f3n\"><span style=\"color: #ffffff;\">T\u00e9l\u00e9chargez votre catalogue en espagnol et contactez notre \u00e9quipe commerciale. N&#8217;oubliez pas que nous vous demanderons :<\/span><\/h4>\n<p><\/div><\/div>[vc_column_text]<\/p>\n<p id=\"tw-target-text\" class=\"tw-data-text tw-text-large tw-ta\" dir=\"ltr\" data-placeholder=\"Traducci\u00f3n\"><span style=\"color: #ffffff;\"><strong><span class=\"Y2IQFc\" lang=\"fr\">\u00b7 R\u00e9f\u00e9rence.<\/span><\/strong><\/span><\/p>\n<p class=\"tw-data-text tw-text-large tw-ta\" dir=\"ltr\" data-placeholder=\"Traducci\u00f3n\"><span style=\"color: #ffffff;\"><strong><span class=\"Y2IQFc\" lang=\"fr\">\u00b7 Diam\u00e8tre.<\/span><\/strong><\/span><\/p>\n<p class=\"tw-data-text tw-text-large tw-ta\" dir=\"ltr\" data-placeholder=\"Traducci\u00f3n\"><span style=\"color: #ffffff;\"><strong><span class=\"Y2IQFc\" lang=\"fr\">\u00b7 Nombre de m\u00e8tres (minimum 50m).<\/span><\/strong><\/span><\/p>\n<p dir=\"ltr\" data-placeholder=\"Traducci\u00f3n\"><span style=\"color: #ffffff;\"><strong>\u00b7 Couleur.<\/strong><\/span><\/p>\n<p>[\/vc_column_text][\/vc_column][vc_column width=&#8221;2\/5&#8243; css=&#8221;.vc_custom_1669896755521{margin-top: 70px !important;padding-top: 30px !important;}&#8221;]<style type=\"text\/css\" data-type=\"the7_shortcodes-inline-css\">.icon-with-text-shortcode.icon-text-id-2faa0f0736824317be7ab0920c889aa8 .text-icon {\n  width: 60px;\n  height: 60px;\n  line-height: 60px;\n  font-size: 24px;\n  border-radius: 5px;\n  margin: 0px 20px 20px 0px;\n}\n.icon-with-text-shortcode.icon-text-id-2faa0f0736824317be7ab0920c889aa8 .text-icon .icon-inner {\n  min-width: 60px;\n  min-height: 60px;\n  border-radius: 5px;\n}\n@media all and (-ms-high-contrast: none) {\n  .icon-with-text-shortcode.icon-text-id-2faa0f0736824317be7ab0920c889aa8 .text-icon .icon-inner {\n    height: 60px;\n  }\n}\n.icon-with-text-shortcode.icon-text-id-2faa0f0736824317be7ab0920c889aa8 .text-icon .dt-hover-icon {\n  line-height: 60px;\n}\n.icon-with-text-shortcode.icon-text-id-2faa0f0736824317be7ab0920c889aa8 .text-icon:before,\n.icon-with-text-shortcode.icon-text-id-2faa0f0736824317be7ab0920c889aa8 .text-icon:after,\n.icon-with-text-shortcode.icon-text-id-2faa0f0736824317be7ab0920c889aa8 .text-icon .icon-inner:before,\n.icon-with-text-shortcode.icon-text-id-2faa0f0736824317be7ab0920c889aa8 .text-icon .icon-inner:after {\n  min-width: 100%;\n  min-height: 100%;\n  padding: inherit;\n  border-radius: inherit;\n}\n.icon-with-text-shortcode.icon-text-id-2faa0f0736824317be7ab0920c889aa8 .text-icon.dt-icon-border-on:before {\n  border-width: 2px;\n  border-style: solid;\n  border-color: #ffffff;\n}\n.dt-icon-border-dashed.icon-with-text-shortcode.icon-text-id-2faa0f0736824317be7ab0920c889aa8 .text-icon.dt-icon-border-on:before {\n  border-style: dashed;\n}\n.dt-icon-border-dotted.icon-with-text-shortcode.icon-text-id-2faa0f0736824317be7ab0920c889aa8 .text-icon.dt-icon-border-on:before {\n  border-style: dotted;\n}\n.dt-icon-border-double.icon-with-text-shortcode.icon-text-id-2faa0f0736824317be7ab0920c889aa8 .text-icon.dt-icon-border-on:before {\n  border-style: double;\n}\n.icon-with-text-shortcode.icon-text-id-2faa0f0736824317be7ab0920c889aa8 .text-icon.dt-icon-border-dashed.dt-icon-border-on:before {\n  border-style: dashed;\n}\n.icon-with-text-shortcode.icon-text-id-2faa0f0736824317be7ab0920c889aa8 .text-icon.dt-icon-border-dotted.dt-icon-border-on:before {\n  border-style: dotted;\n}\n.icon-with-text-shortcode.icon-text-id-2faa0f0736824317be7ab0920c889aa8 .text-icon.dt-icon-border-double.dt-icon-border-on:before {\n  border-style: double;\n}\n.icon-with-text-shortcode.icon-text-id-2faa0f0736824317be7ab0920c889aa8 .text-icon.dt-icon-hover-border-on:after {\n  border-width: 2px;\n  border-style: solid;\n}\n.icon-with-text-shortcode.icon-text-id-2faa0f0736824317be7ab0920c889aa8 .text-icon.dt-icon-border-dashed.dt-icon-hover-border-on:after {\n  border-style: dashed;\n}\n.icon-with-text-shortcode.icon-text-id-2faa0f0736824317be7ab0920c889aa8 .text-icon.dt-icon-border-dotted.dt-icon-hover-border-on:after {\n  border-style: dotted;\n}\n.icon-with-text-shortcode.icon-text-id-2faa0f0736824317be7ab0920c889aa8 .text-icon.dt-icon-border-double.dt-icon-hover-border-on:after {\n  border-style: double;\n}\n.icon-with-text-shortcode.icon-text-id-2faa0f0736824317be7ab0920c889aa8 .text-icon.dt-icon-hover-on:hover {\n  font-size: 24px;\n}\n#page .icon-with-text-shortcode.icon-text-id-2faa0f0736824317be7ab0920c889aa8 .text-icon.dt-icon-hover-on:hover .soc-font-icon,\n#phantom .icon-with-text-shortcode.icon-text-id-2faa0f0736824317be7ab0920c889aa8 .text-icon.dt-icon-hover-on:hover .soc-font-icon,\n#page .icon-with-text-shortcode.icon-text-id-2faa0f0736824317be7ab0920c889aa8 .text-icon.dt-icon-hover-on:hover .soc-icon,\n#phantom .icon-with-text-shortcode.icon-text-id-2faa0f0736824317be7ab0920c889aa8 .text-icon.dt-icon-hover-on:hover .soc-icon {\n  color: #fff;\n  background: none;\n}\n#page .icon-with-text-shortcode.icon-text-id-2faa0f0736824317be7ab0920c889aa8 .text-icon.dt-icon-hover-on:not(:hover) .soc-font-icon,\n#phantom .icon-with-text-shortcode.icon-text-id-2faa0f0736824317be7ab0920c889aa8 .text-icon.dt-icon-hover-on:not(:hover) .soc-font-icon,\n#page .icon-with-text-shortcode.icon-text-id-2faa0f0736824317be7ab0920c889aa8 .text-icon.dt-icon-hover-on:not(:hover) .soc-icon,\n#phantom .icon-with-text-shortcode.icon-text-id-2faa0f0736824317be7ab0920c889aa8 .text-icon.dt-icon-hover-on:not(:hover) .soc-icon,\n#page .icon-with-text-shortcode.icon-text-id-2faa0f0736824317be7ab0920c889aa8 .text-icon.dt-icon-hover-off .soc-font-icon,\n#phantom .icon-with-text-shortcode.icon-text-id-2faa0f0736824317be7ab0920c889aa8 .text-icon.dt-icon-hover-off .soc-font-icon,\n#page .icon-with-text-shortcode.icon-text-id-2faa0f0736824317be7ab0920c889aa8 .text-icon.dt-icon-hover-off .soc-icon,\n#phantom .icon-with-text-shortcode.icon-text-id-2faa0f0736824317be7ab0920c889aa8 .text-icon.dt-icon-hover-off .soc-icon {\n  color: #f08217;\n  background: none;\n}\n.icon-with-text-shortcode.icon-text-id-2faa0f0736824317be7ab0920c889aa8.layout-1 {\n  grid-template-columns: 60px minmax(0,1fr);\n  grid-column-gap: 20px;\n}\n.icon-with-text-shortcode.icon-text-id-2faa0f0736824317be7ab0920c889aa8.layout-2 {\n  grid-template-columns: minmax(0,1fr) 60px;\n  grid-column-gap: 0px;\n}\n.icon-with-text-shortcode.icon-text-id-2faa0f0736824317be7ab0920c889aa8.layout-2 .text-icon {\n  margin-left: 0;\n}\n.icon-with-text-shortcode.icon-text-id-2faa0f0736824317be7ab0920c889aa8.layout-3 {\n  grid-template-columns: 60px minmax(0,1fr);\n}\n.icon-with-text-shortcode.icon-text-id-2faa0f0736824317be7ab0920c889aa8.layout-3 .dt-text-title {\n  margin-left: 20px;\n}\n.icon-with-text-shortcode.icon-text-id-2faa0f0736824317be7ab0920c889aa8 .dt-text-title,\n.icon-with-text-shortcode.icon-text-id-2faa0f0736824317be7ab0920c889aa8 .dt-text-title a {\n  color: #ffffff;\n  background: none;\n  font-weight: bold;\n}\n.icon-with-text-shortcode.icon-text-id-2faa0f0736824317be7ab0920c889aa8 .dt-text-title {\n  margin-bottom: 5px;\n}\n.icon-with-text-shortcode.icon-text-id-2faa0f0736824317be7ab0920c889aa8 .dt-text-desc {\n  color: #796e65;\n  background: none;\n  margin-bottom: 15px;\n  font-size: 12px;\n  line-height: 16px;\n}\n<\/style><div class=\"icon-with-text-shortcode  icon-text-id-2faa0f0736824317be7ab0920c889aa8 layout-1  \" ><span   class=\"text-icon dt-icon-bg-off dt-icon-border-on dt-icon-hover-off\" ><span class=\"icon-inner\"><i class=\"dt-regular-icon soc-icon dt-icon-the7-download\"><\/i><i class=\"dt-hover-icon soc-icon dt-icon-the7-download\"><\/i><\/span><\/span><h3 class=\"dt-text-title\"  >T\u00e9l\u00e9chargez le catalogue au lien suivant:<\/h3><\/div>[vc_single_image image=&#8221;65446&#8243; img_size=&#8221;600&#215;800&#8243; alignment=&#8221;center&#8221; onclick=&#8221;custom_link&#8221; img_link_target=&#8221;_blank&#8221; link=&#8221;https:\/\/www.cabosregatta.com\/wp-content\/uploads\/2025\/06\/CAT-24-FR.pdf&#8221;][vc_row_inner][vc_column_inner]<style type=\"text\/css\" data-type=\"the7_shortcodes-inline-css\">#default-btn-0079666634e088a8c472941953c689ff.ico-right-side > i {\n  margin-right: 0px;\n  margin-left: 8px;\n}\n#default-btn-0079666634e088a8c472941953c689ff > i {\n  margin-right: 8px;\n}\n<\/style><div class=\"btn-align-center\"><a href=\"https:\/\/www.cabosregatta.com\/wp-content\/uploads\/2025\/06\/CAT-24-FR.pdf\" class=\"default-btn-shortcode dt-btn dt-btn-l link-hover-off \" target=\"_blank\" id=\"default-btn-0079666634e088a8c472941953c689ff\" rel=\"noopener\"><span>CATALOGUE FRA<\/span><\/a><\/div>[\/vc_column_inner][\/vc_row_inner][\/vc_column][\/vc_row]<\/p>\n<\/section>","protected":false},"excerpt":{"rendered":"<p>[vc_row full_height=&#8221;yes&#8221; bg_type=&#8221;image&#8221; parallax_style=&#8221;vcpb-vz-jquery&#8221; bg_image_new=&#8221;id^59988|url^https:\/\/www.cabosregatta.com\/wp-content\/uploads\/2023\/04\/mockup-catalogo-REGATTA-2023.jpg|caption^null|alt^null|title^mockup-catalogo-REGATTA-2023|description^null&#8221; bg_image_repeat=&#8221;no-repeat&#8221; bg_override=&#8221;full&#8221; enable_overlay=&#8221;enable_overlay_value&#8221; overlay_color=&#8221;rgba(0,0,0,0.5)&#8221; overlay_pattern=&#8221;transperant&#8221; css=&#8221;.vc_custom_1682538611503{padding-top: 60px !important;padding-bottom: 50px !important;background-color: #000000 !important;}&#8221;][vc_column width=&#8221;3\/5&#8243; css=&#8221;.vc_custom_1669896568304{margin-top: 60px !important;padding-top: 10% !important;}&#8221;][vc_column_text] \u00b7 R\u00e9f\u00e9rence. \u00b7 Diam\u00e8tre. \u00b7 Nombre de m\u00e8tres (minimum 50m). \u00b7 Couleur. [\/vc_column_text][\/vc_column][vc_column width=&#8221;2\/5&#8243; css=&#8221;.vc_custom_1669896755521{margin-top: 70px !important;padding-top: 30px !important;}&#8221;][vc_single_image image=&#8221;65446&#8243; img_size=&#8221;600&#215;800&#8243; alignment=&#8221;center&#8221; onclick=&#8221;custom_link&#8221; img_link_target=&#8221;_blank&#8221; link=&#8221;https:\/\/www.cabosregatta.com\/wp-content\/uploads\/2025\/06\/CAT-24-FR.pdf&#8221;][vc_row_inner][vc_column_inner][\/vc_column_inner][\/vc_row_inner][\/vc_column][\/vc_row]<\/p>\n","protected":false},"author":1,"featured_media":57109,"parent":57097,"menu_order":30,"comment_status":"closed","ping_status":"closed","template":"","meta":{"footnotes":""},"class_list":["post-60024","page","type-page","status-publish","has-post-thumbnail","hentry","description-off"],"yoast_head":"<!-- This site is optimized with the Yoast SEO plugin v20.9 - https:\/\/yoast.com\/wordpress\/plugins\/seo\/ -->\n<title>Catalogue general -Regatta Yacht Ropes-<\/title>\n<meta name=\"robots\" content=\"noindex, follow\" \/>\n<meta property=\"og:locale\" content=\"en_US\" \/>\n<meta property=\"og:type\" content=\"article\" \/>\n<meta property=\"og:title\" content=\"Catalogue general -Regatta Yacht Ropes-\" \/>\n<meta property=\"og:description\" content=\"[vc_row full_height=&#8221;yes&#8221; bg_type=&#8221;image&#8221; parallax_style=&#8221;vcpb-vz-jquery&#8221; bg_image_new=&#8221;id^59988|url^https:\/\/www.cabosregatta.com\/wp-content\/uploads\/2023\/04\/mockup-catalogo-REGATTA-2023.jpg|caption^null|alt^null|title^mockup-catalogo-REGATTA-2023|description^null&#8221; bg_image_repeat=&#8221;no-repeat&#8221; bg_override=&#8221;full&#8221; enable_overlay=&#8221;enable_overlay_value&#8221; overlay_color=&#8221;rgba(0,0,0,0.5)&#8221; overlay_pattern=&#8221;transperant&#8221; css=&#8221;.vc_custom_1682538611503{padding-top: 60px !important;padding-bottom: 50px !important;background-color: #000000 !important;}&#8221;][vc_column width=&#8221;3\/5&#8243; css=&#8221;.vc_custom_1669896568304{margin-top: 60px !important;padding-top: 10% !important;}&#8221;][vc_column_text] \u00b7 R\u00e9f\u00e9rence. \u00b7 Diam\u00e8tre. \u00b7 Nombre de m\u00e8tres (minimum 50m). \u00b7 Couleur. [\/vc_column_text][\/vc_column][vc_column width=&#8221;2\/5&#8243; css=&#8221;.vc_custom_1669896755521{margin-top: 70px !important;padding-top: 30px !important;}&#8221;][vc_single_image image=&#8221;65446&#8243; img_size=&#8221;600&#215;800&#8243; alignment=&#8221;center&#8221; onclick=&#8221;custom_link&#8221; img_link_target=&#8221;_blank&#8221; link=&#8221;https:\/\/www.cabosregatta.com\/wp-content\/uploads\/2025\/06\/CAT-24-FR.pdf&#8221;][vc_row_inner][vc_column_inner][\/vc_column_inner][\/vc_row_inner][\/vc_column][\/vc_row]\" \/>\n<meta property=\"og:url\" content=\"https:\/\/www.cabosregatta.com\/catalogos\/catalogue-france\/\" \/>\n<meta property=\"og:site_name\" content=\"Cabos Regatta\" \/>\n<meta property=\"article:modified_time\" content=\"2025-06-13T07:32:01+00:00\" \/>\n<meta property=\"og:image\" content=\"https:\/\/www.cabosregatta.com\/wp-content\/uploads\/2022\/12\/Portada_catalogo_Regatta-520x272-1.jpg\" \/>\n\t<meta property=\"og:image:width\" content=\"520\" \/>\n\t<meta property=\"og:image:height\" content=\"272\" \/>\n\t<meta property=\"og:image:type\" content=\"image\/jpeg\" \/>\n<meta name=\"twitter:card\" content=\"summary_large_image\" \/>\n<meta name=\"twitter:label1\" content=\"Est. reading time\" \/>\n\t<meta name=\"twitter:data1\" content=\"1 minute\" \/>\n<script type=\"application\/ld+json\" class=\"yoast-schema-graph\">{\"@context\":\"https:\/\/schema.org\",\"@graph\":[{\"@type\":\"WebPage\",\"@id\":\"https:\/\/www.cabosregatta.com\/catalogos\/catalogue-france\/\",\"url\":\"https:\/\/www.cabosregatta.com\/catalogos\/catalogue-france\/\",\"name\":\"Catalogue general -Regatta Yacht Ropes-\",\"isPartOf\":{\"@id\":\"https:\/\/www.cabosregatta.com\/#website\"},\"datePublished\":\"2023-04-26T20:31:01+00:00\",\"dateModified\":\"2025-06-13T07:32:01+00:00\",\"breadcrumb\":{\"@id\":\"https:\/\/www.cabosregatta.com\/catalogos\/catalogue-france\/#breadcrumb\"},\"inLanguage\":\"en-US\",\"potentialAction\":[{\"@type\":\"ReadAction\",\"target\":[\"https:\/\/www.cabosregatta.com\/catalogos\/catalogue-france\/\"]}]},{\"@type\":\"BreadcrumbList\",\"@id\":\"https:\/\/www.cabosregatta.com\/catalogos\/catalogue-france\/#breadcrumb\",\"itemListElement\":[{\"@type\":\"ListItem\",\"position\":1,\"name\":\"Portada\",\"item\":\"https:\/\/www.cabosregatta.com\/en\/\"},{\"@type\":\"ListItem\",\"position\":2,\"name\":\"Catalogues\",\"item\":\"https:\/\/www.cabosregatta.com\/catalogos\/\"},{\"@type\":\"ListItem\",\"position\":3,\"name\":\"Catalogue France\"}]},{\"@type\":\"WebSite\",\"@id\":\"https:\/\/www.cabosregatta.com\/#website\",\"url\":\"https:\/\/www.cabosregatta.com\/\",\"name\":\"Cabos Regatta\",\"description\":\"Originales desde 1970\",\"publisher\":{\"@id\":\"https:\/\/www.cabosregatta.com\/#organization\"},\"potentialAction\":[{\"@type\":\"SearchAction\",\"target\":{\"@type\":\"EntryPoint\",\"urlTemplate\":\"https:\/\/www.cabosregatta.com\/?s={search_term_string}\"},\"query-input\":\"required name=search_term_string\"}],\"inLanguage\":\"en-US\"},{\"@type\":\"Organization\",\"@id\":\"https:\/\/www.cabosregatta.com\/#organization\",\"name\":\"Cabos Regatta\",\"url\":\"https:\/\/www.cabosregatta.com\/\",\"logo\":{\"@type\":\"ImageObject\",\"inLanguage\":\"en-US\",\"@id\":\"https:\/\/www.cabosregatta.com\/#\/schema\/logo\/image\/\",\"url\":\"https:\/\/www.cabosregatta.com\/wp-content\/uploads\/2022\/10\/Slider_empresa_Regatta-1600x1000-1.jpg\",\"contentUrl\":\"https:\/\/www.cabosregatta.com\/wp-content\/uploads\/2022\/10\/Slider_empresa_Regatta-1600x1000-1.jpg\",\"width\":1600,\"height\":1000,\"caption\":\"Cabos Regatta\"},\"image\":{\"@id\":\"https:\/\/www.cabosregatta.com\/#\/schema\/logo\/image\/\"}}]}<\/script>\n<!-- \/ Yoast SEO plugin. -->","yoast_head_json":{"title":"Catalogue general -Regatta Yacht Ropes-","robots":{"index":"noindex","follow":"follow"},"og_locale":"en_US","og_type":"article","og_title":"Catalogue general -Regatta Yacht Ropes-","og_description":"[vc_row full_height=&#8221;yes&#8221; bg_type=&#8221;image&#8221; parallax_style=&#8221;vcpb-vz-jquery&#8221; bg_image_new=&#8221;id^59988|url^https:\/\/www.cabosregatta.com\/wp-content\/uploads\/2023\/04\/mockup-catalogo-REGATTA-2023.jpg|caption^null|alt^null|title^mockup-catalogo-REGATTA-2023|description^null&#8221; bg_image_repeat=&#8221;no-repeat&#8221; bg_override=&#8221;full&#8221; enable_overlay=&#8221;enable_overlay_value&#8221; overlay_color=&#8221;rgba(0,0,0,0.5)&#8221; overlay_pattern=&#8221;transperant&#8221; css=&#8221;.vc_custom_1682538611503{padding-top: 60px !important;padding-bottom: 50px !important;background-color: #000000 !important;}&#8221;][vc_column width=&#8221;3\/5&#8243; css=&#8221;.vc_custom_1669896568304{margin-top: 60px !important;padding-top: 10% !important;}&#8221;][vc_column_text] \u00b7 R\u00e9f\u00e9rence. \u00b7 Diam\u00e8tre. \u00b7 Nombre de m\u00e8tres (minimum 50m). \u00b7 Couleur. [\/vc_column_text][\/vc_column][vc_column width=&#8221;2\/5&#8243; css=&#8221;.vc_custom_1669896755521{margin-top: 70px !important;padding-top: 30px !important;}&#8221;][vc_single_image image=&#8221;65446&#8243; img_size=&#8221;600&#215;800&#8243; alignment=&#8221;center&#8221; onclick=&#8221;custom_link&#8221; img_link_target=&#8221;_blank&#8221; link=&#8221;https:\/\/www.cabosregatta.com\/wp-content\/uploads\/2025\/06\/CAT-24-FR.pdf&#8221;][vc_row_inner][vc_column_inner][\/vc_column_inner][\/vc_row_inner][\/vc_column][\/vc_row]","og_url":"https:\/\/www.cabosregatta.com\/catalogos\/catalogue-france\/","og_site_name":"Cabos Regatta","article_modified_time":"2025-06-13T07:32:01+00:00","og_image":[{"width":520,"height":272,"url":"https:\/\/www.cabosregatta.com\/wp-content\/uploads\/2022\/12\/Portada_catalogo_Regatta-520x272-1.jpg","type":"image\/jpeg"}],"twitter_card":"summary_large_image","twitter_misc":{"Est. reading time":"1 minute"},"schema":{"@context":"https:\/\/schema.org","@graph":[{"@type":"WebPage","@id":"https:\/\/www.cabosregatta.com\/catalogos\/catalogue-france\/","url":"https:\/\/www.cabosregatta.com\/catalogos\/catalogue-france\/","name":"Catalogue general -Regatta Yacht Ropes-","isPartOf":{"@id":"https:\/\/www.cabosregatta.com\/#website"},"datePublished":"2023-04-26T20:31:01+00:00","dateModified":"2025-06-13T07:32:01+00:00","breadcrumb":{"@id":"https:\/\/www.cabosregatta.com\/catalogos\/catalogue-france\/#breadcrumb"},"inLanguage":"en-US","potentialAction":[{"@type":"ReadAction","target":["https:\/\/www.cabosregatta.com\/catalogos\/catalogue-france\/"]}]},{"@type":"BreadcrumbList","@id":"https:\/\/www.cabosregatta.com\/catalogos\/catalogue-france\/#breadcrumb","itemListElement":[{"@type":"ListItem","position":1,"name":"Portada","item":"https:\/\/www.cabosregatta.com\/en\/"},{"@type":"ListItem","position":2,"name":"Catalogues","item":"https:\/\/www.cabosregatta.com\/catalogos\/"},{"@type":"ListItem","position":3,"name":"Catalogue France"}]},{"@type":"WebSite","@id":"https:\/\/www.cabosregatta.com\/#website","url":"https:\/\/www.cabosregatta.com\/","name":"Cabos Regatta","description":"Originales desde 1970","publisher":{"@id":"https:\/\/www.cabosregatta.com\/#organization"},"potentialAction":[{"@type":"SearchAction","target":{"@type":"EntryPoint","urlTemplate":"https:\/\/www.cabosregatta.com\/?s={search_term_string}"},"query-input":"required name=search_term_string"}],"inLanguage":"en-US"},{"@type":"Organization","@id":"https:\/\/www.cabosregatta.com\/#organization","name":"Cabos Regatta","url":"https:\/\/www.cabosregatta.com\/","logo":{"@type":"ImageObject","inLanguage":"en-US","@id":"https:\/\/www.cabosregatta.com\/#\/schema\/logo\/image\/","url":"https:\/\/www.cabosregatta.com\/wp-content\/uploads\/2022\/10\/Slider_empresa_Regatta-1600x1000-1.jpg","contentUrl":"https:\/\/www.cabosregatta.com\/wp-content\/uploads\/2022\/10\/Slider_empresa_Regatta-1600x1000-1.jpg","width":1600,"height":1000,"caption":"Cabos Regatta"},"image":{"@id":"https:\/\/www.cabosregatta.com\/#\/schema\/logo\/image\/"}}]}},"_links":{"self":[{"href":"https:\/\/www.cabosregatta.com\/en\/wp-json\/wp\/v2\/pages\/60024","targetHints":{"allow":["GET"]}}],"collection":[{"href":"https:\/\/www.cabosregatta.com\/en\/wp-json\/wp\/v2\/pages"}],"about":[{"href":"https:\/\/www.cabosregatta.com\/en\/wp-json\/wp\/v2\/types\/page"}],"author":[{"embeddable":true,"href":"https:\/\/www.cabosregatta.com\/en\/wp-json\/wp\/v2\/users\/1"}],"replies":[{"embeddable":true,"href":"https:\/\/www.cabosregatta.com\/en\/wp-json\/wp\/v2\/comments?post=60024"}],"version-history":[{"count":9,"href":"https:\/\/www.cabosregatta.com\/en\/wp-json\/wp\/v2\/pages\/60024\/revisions"}],"predecessor-version":[{"id":65479,"href":"https:\/\/www.cabosregatta.com\/en\/wp-json\/wp\/v2\/pages\/60024\/revisions\/65479"}],"up":[{"embeddable":true,"href":"https:\/\/www.cabosregatta.com\/en\/wp-json\/wp\/v2\/pages\/57097"}],"wp:featuredmedia":[{"embeddable":true,"href":"https:\/\/www.cabosregatta.com\/en\/wp-json\/wp\/v2\/media\/57109"}],"wp:attachment":[{"href":"https:\/\/www.cabosregatta.com\/en\/wp-json\/wp\/v2\/media?parent=60024"}],"curies":[{"name":"wp","href":"https:\/\/api.w.org\/{rel}","templated":true}]}}